{"id":2469,"date":"2019-10-22T11:01:57","date_gmt":"2019-10-22T11:01:57","guid":{"rendered":"http:\/\/advocatspratsabat.com\/?page_id=2469"},"modified":"2020-06-29T08:36:55","modified_gmt":"2020-06-29T06:36:55","slug":"home","status":"publish","type":"page","link":"https:\/\/advocatspratsabat.com\/es\/","title":{"rendered":"Home"},"content":{"rendered":"<p>[vc_row type=\u00bbfull_width_background\u00bb top_padding=\u00bb40&#8243; bottom_padding=\u00bb40&#8243;][vc_column centered_cont=\u00bbtrue\u00bb][vc_custom_heading text=\u00bbAbogados Prat S\u00e0bat\u00bb font_container=\u00bbtag:h1|font_size:48|text_align:center\u00bb use_theme_fonts=\u00bbyes\u00bb css_animation=\u00bbzoomIn\u00bb css=\u00bb.vc_custom_1549615017967{padding-bottom: 40px !important;}\u00bb][vc_column_text css_animation=\u00bbzoomIn\u00bb]Prat S\u00e0bat es un gabinete de abogados de Girona que trabaja para aportar tranquilidad al cliente ayud\u00e1ndolo a conseguir sus objetivos con un trato personalizado y con una comunicaci\u00f3n continua.<\/p>\n<p><span style=\"font-size: 16px;\">\u00a0<\/span>[\/vc_column_text][\/vc_column][vc_column css=\u00bb.vc_custom_1590580739947{margin-top: 1rem !important;}\u00bb][separator height=\u00bb1px\u00bb position=\u00bbcenter\u00bb color=\u00bb#cecece\u00bb margin_top=\u00bb40px\u00bb margin_bottom=\u00bb40px\u00bb][\/vc_column][vc_column css=\u00bb.vc_custom_1593412260940{margin-bottom: 6rem !important;border-bottom-width: 40px !important;}\u00bb][vc_row_inner css=\u00bb.vc_custom_1590580519809{margin-top: 4rem !important;}\u00bb][vc_column_inner width=\u00bb1\/4&#8243;][\/vc_column_inner][vc_column_inner width=\u00bb1\/4&#8243;][media link=\u00bbhttp:\/\/advocatspratsabat.com\/es\/reactivate\/\u00bb image=\u00bb3293&#8243;][\/vc_column_inner][vc_column_inner width=\u00bb1\/4&#8243; css=\u00bb.vc_custom_1590580424268{margin-top: 0.6rem !important;}\u00bb][vc_column_text]<\/p>\n<h2 style=\"text-align: center;\">Consultor\u00eda estrat\u00e9gica para empresas con dificultades<\/h2>\n<p>[\/vc_column_text][\/vc_column_inner][vc_column_inner width=\u00bb1\/4&#8243;][\/vc_column_inner][\/vc_row_inner][\/vc_column][vc_column css=\u00bb.vc_custom_1593412356441{margin-top: 100px !important;margin-bottom: 40px !important;border-bottom-width: 100px !important;padding-top: 20px !important;}\u00bb][separator height=\u00bb1px\u00bb position=\u00bbcenter\u00bb color=\u00bb#cecece\u00bb margin_top=\u00bb40px\u00bb margin_bottom=\u00bb40px\u00bb][button title=\u00bbVer m\u00e1s informaci\u00f3n\u00bb link=\u00bbhttp:\/\/advocatspratsabat.com\/es\/reactivat\/\u00bb icon=\u00bbsteadysets-icon-type\u00bb align=\u00bbcenter\u00bb][\/vc_column][\/vc_row][vc_row type=\u00bbfull_width_background\u00bb bg_image=\u00bb2210&#8243; bg_position=\u00bbcenter top\u00bb overlay=\u00bbtrue\u00bb overlay_color=\u00bbrgba(0,0,0,0.69)\u00bb][vc_column css_animation=\u00bbfadeInLeft\u00bb width=\u00bb1\/2&#8243;][\/vc_column][vc_column css_animation=\u00bbfadeInRight\u00bb width=\u00bb1\/2&#8243;][vc_custom_heading text=\u00bbTradici\u00f3n\u00bb font_container=\u00bbtag:h2|text_align:left|color:%23ffffff\u00bb use_theme_fonts=\u00bbyes\u00bb css_animation=\u00bbfadeInLeft\u00bb css=\u00bb.vc_custom_1571742377110{padding-bottom: 20px !important;}\u00bb][vc_column_text css_animation=\u00bbfadeInLeft\u00bb]<div class=\"codeless_sc\"><div class=\"blockquote\" ><span style=\"color: #ffffff; text-align: justify;\"> Con una tradici\u00f3n de cuatro generaciones de juristas, Prat S\u00e0bat pone a disposici\u00f3n de sus clientes todo un bagaje sum\u00e1ndolo con la energ\u00eda y el entusiasmo de las nuevas generaciones, combinado al mismo tiempo el saber hacer tradicional con el dinamismo y la innovaci\u00f3n. <\/span><br \/><span class=\"source\"><\/span><\/div><\/div>[\/vc_column_text][\/vc_column][\/vc_row][vc_row type=\u00bbfull_width_background\u00bb bg_image=\u00bb2211&#8243; bg_position=\u00bbcenter top\u00bb overlay=\u00bbtrue\u00bb overlay_color=\u00bbrgba(255,255,255,0.81)\u00bb][vc_column css_animation=\u00bbfadeInLeft\u00bb width=\u00bb1\/2&#8243;][vc_custom_heading text=\u00bbObjectivo\u00bb font_container=\u00bbtag:h2|text_align:left|color:%23000000&#8243; use_theme_fonts=\u00bbyes\u00bb css_animation=\u00bbfadeInRight\u00bb css=\u00bb.vc_custom_1571742452715{padding-bottom: 20px !important;}\u00bb][vc_column_text css_animation=\u00bbfadeInRight\u00bb]<div class=\"codeless_sc\"><div class=\"blockquote\" >Nuestro objetivo es contribuir a la tranquilidad del cliente, que se sienta atendido, utilizando todas las herramientas que tenemos a nuestra disposici\u00f3n des de el saber hacer y la tecnolog\u00eda actual.<br \/><span class=\"source\"><\/span><\/div><\/div>[\/vc_column_text][\/vc_column][vc_column css_animation=\u00bbfadeInRight\u00bb width=\u00bb1\/2&#8243;][\/vc_column][\/vc_row][vc_row type=\u00bbfull_width_background\u00bb][vc_column css_animation=\u00bbfadeInLeft\u00bb][vc_custom_heading text=\u00bbNuestros servicios\u00bb font_container=\u00bbtag:h2|font_size:24|text_align:center\u00bb use_theme_fonts=\u00bbyes\u00bb css_animation=\u00bbzoomIn\u00bb][\/vc_column][\/vc_row][vc_row type=\u00bbfull_width_content\u00bb bg_color=\u00bb#ffffff\u00bb top_padding=\u00bb0&#8243; bottom_padding=\u00bb0&#8243;][vc_column css_animation=\u00bbfadeInLeft\u00bb width=\u00bb1\/2&#8243; background_image=\u00bb2177&#8243;][\/vc_column][vc_column css_animation=\u00bbfadeInRight\u00bb width=\u00bb1\/2&#8243; centered_cont_vertical=\u00bbtrue\u00bb column_padding=\u00bb4%\u00bb background_color=\u00bb#ffffff\u00bb][vc_row_inner][vc_column_inner][list icon=\u00bbmoon-pencil-6&#8243;][list_item style=\u00bbtitledesc\u00bb title=\u00bbCivil\u00bb desc=\u00bbHerencias, contratos, alquileres, compraventa, reclamaciones.\u00bb][\/list][list icon=\u00bbmoon-factory\u00bb][list_item style=\u00bbtitledesc\u00bb title=\u00bbMercantil\u00bb desc=\u00bbHerencias, contratos, alquileres, compraventa, reclamaciones.\u00bb][\/list][list icon=\u00bbsteadysets-icon-graph\u00bb][list_item style=\u00bbtitledesc\u00bb title=\u00bbFiscal\u00bb desc=\u00bbAsesoramiento a empresas y particulares en materia impositiva.\u00bb][\/list][list icon=\u00bbmoon-users-4&#8243;][list_item style=\u00bbtitledesc\u00bb title=\u00bbLaboral\u00bb desc=\u00bbAsesoramiento y regulaci\u00f3n de las relaciones entre empresarios y trabajadores y la Seguridad Social.\u00bb][\/list][\/vc_column_inner][\/vc_row_inner][\/vc_column][\/vc_row][vc_row type=\u00bbfull_width_content\u00bb bg_color=\u00bb#ffffff\u00bb top_padding=\u00bb0&#8243; bottom_padding=\u00bb0&#8243;][vc_column width=\u00bb1\/2&#8243; centered_cont_vertical=\u00bbtrue\u00bb column_padding=\u00bb4%\u00bb][vc_row_inner][vc_column_inner][list icon=\u00bbsteadysets-icon-book2&#8243;][list_item style=\u00bbtitledesc\u00bb title=\u00bbAdministrativo\u00bb desc=\u00bbAsesoramiento en materia de derecho p\u00fablico, urbanismo, licencias, trabajadores p\u00fablicos, sanciones, \u2026\u00bb][\/list][list icon=\u00bbmoon-library\u00bb][list_item style=\u00bbtitledesc\u00bb title=\u00bbPenal\u00bb desc=\u00bbAsesoramiento a empresas y particulares en t\u00e9rminos delictivos y C\u00f3mplice Penal.\u00bb][\/list][list icon=\u00bbsteadysets-icon-book\u00bb][list_item style=\u00bbtitledesc\u00bb title=\u00bbProcesal\u00bb desc=\u00bbLitigaci\u00f3n en el \u00e1mbito Civil, Mercantil Penal, Contencioso Administrativo y Laboral.\u00bb][\/list][list icon=\u00bbmoon-home-9&#8243;][list_item style=\u00bbtitledesc\u00bb title=\u00bbFamilia\u00bb desc=\u00bbNulidades, divorcios, separaciones, incapacidades y tutelas.\u00bb][\/list][\/vc_column_inner][\/vc_row_inner][\/vc_column][vc_column width=\u00bb1\/2&#8243; background_image=\u00bb2178&#8243;][\/vc_column][\/vc_row][vc_row type=\u00bbfull_width_background\u00bb bg_color=\u00bb#f5f5f5&#8243; top_padding=\u00bb100&#8243; bottom_padding=\u00bb100&#8243;][vc_column][block_title inner_style_title=\u00bbonly_text\u00bb padding_desc=\u00bb\u00bb title=\u00bbVideo consultorio\u00bb description=\u00bbPhasellus enim libero, blandit vel sapien vitae, condimentum ultricies magna. lobortis aliquam. Aliquam in tortor enim.\u00bb]\u00bfLe gusta estar informado? \u00bfSaber todo lo que pasa alrededor del complejo mundo legal?<\/p>\n<p>Esta secci\u00f3n sirve para que os hablemos de temas jur\u00eddicos y fiscales; tambi\u00e9n para que puedas estar al d\u00eda sobre temas legales que sean de su inter\u00e9s.[\/block_title][vc_raw_html]JTVCZXZlcmVzdF9nYWxsZXJ5JTIwYWxpYXMlM0QlMjJ2aWRlby1jb25zdWx0b3JpJTIyJTVE[\/vc_raw_html][\/vc_column][\/vc_row][vc_row type=\u00bbfull_width_background\u00bb bg_image=\u00bb1985&#8243; bg_position=\u00bbcenter center\u00bb parallax_bg=\u00bbtrue\u00bb overlay=\u00bbtrue\u00bb overlay_color=\u00bb#abcf88&#8243; text_color=\u00bblight\u00bb top_padding=\u00bb40px\u00bb bottom_padding=\u00bb40px\u00bb][vc_column][block_title inner_style_title=\u00bbonly_text\u00bb title=\u00bbActualidad\u00bb][\/block_title][recent_news posts_per_page=\u00bb4&#8243;][\/vc_column][\/vc_row]<\/p>\n","protected":false},"excerpt":{"rendered":"<p>[vc_row type=\u00bbfull_width_background\u00bb top_padding=\u00bb40&#8243; bottom_padding=\u00bb40&#8243;][vc_column centered_cont=\u00bbtrue\u00bb][vc_custom_heading text=\u00bbAbogados Prat S\u00e0bat\u00bb font_container=\u00bbtag:h1|font_size:48|text_align:center\u00bb use_theme_fonts=\u00bbyes\u00bb css_animation=\u00bbzoomIn\u00bb css=\u00bb.vc_custom_1549615017967{padding-bottom: 40px !important;}\u00bb][vc_column_text css_animation=\u00bbzoomIn\u00bb]Prat S\u00e0bat es un gabinete de abogados de Girona que trabaja para aportar tranquilidad al cliente ayud\u00e1ndolo a conseguir sus objetivos con un trato personalizado y con una comunicaci\u00f3n continua. \u00a0[\/vc_column_text][\/vc_column][vc_column css=\u00bb.vc_custom_1590580739947{margin-top: 1rem !important;}\u00bb][separator height=\u00bb1px\u00bb position=\u00bbcenter\u00bb color=\u00bb#cecece\u00bb margin_top=\u00bb40px\u00bb margin_bottom=\u00bb40px\u00bb][\/vc_column][vc_column css=\u00bb.vc_custom_1593412260940{margin-bottom: 6rem [&hellip;]<\/p>\n","protected":false},"author":1,"featured_media":0,"parent":0,"menu_order":0,"comment_status":"closed","ping_status":"closed","template":"","meta":{"footnotes":""},"yoast_head":"<!-- This site is optimized with the Yoast SEO plugin v21.4 - https:\/\/yoast.com\/wordpress\/plugins\/seo\/ -->\n<title>Home - Prat S\u00e0bat Advocats - Bufet d&#039;advocats a Girona<\/title>\n<meta name=\"description\" content=\"Contamos con cuatro generaciones familiares de experiencia y un trato personalizado hacia nuestros clientes, para que alcancen sus objetivos.\" \/>\n<meta name=\"robots\" content=\"index, follow, max-snippet:-1, max-image-preview:large, max-video-preview:-1\" \/>\n<link rel=\"canonical\" href=\"https:\/\/advocatspratsabat.com\/es\/home\/\" \/>\n<meta property=\"og:locale\" content=\"es_ES\" \/>\n<meta property=\"og:type\" content=\"article\" \/>\n<meta property=\"og:title\" content=\"Home - Prat S\u00e0bat Advocats - Bufet d&#039;advocats a Girona\" \/>\n<meta property=\"og:description\" content=\"Contamos con cuatro generaciones familiares de experiencia y un trato personalizado hacia nuestros clientes, para que alcancen sus objetivos.\" \/>\n<meta property=\"og:url\" content=\"https:\/\/advocatspratsabat.com\/es\/home\/\" \/>\n<meta property=\"og:site_name\" content=\"Prat S\u00e0bat Advocats - Bufet d&#039;advocats a Girona\" \/>\n<meta property=\"article:modified_time\" content=\"2020-06-29T06:36:55+00:00\" \/>\n<meta name=\"twitter:card\" content=\"summary_large_image\" \/>\n<meta name=\"twitter:label1\" content=\"Tiempo de lectura\" \/>\n\t<meta name=\"twitter:data1\" content=\"5 minutos\" \/>\n<script type=\"application\/ld+json\" class=\"yoast-schema-graph\">{\"@context\":\"https:\/\/schema.org\",\"@graph\":[{\"@type\":\"WebPage\",\"@id\":\"https:\/\/advocatspratsabat.com\/es\/home\/\",\"url\":\"https:\/\/advocatspratsabat.com\/es\/home\/\",\"name\":\"Home - Prat S\u00e0bat Advocats - Bufet d&#039;advocats a Girona\",\"isPartOf\":{\"@id\":\"https:\/\/advocatspratsabat.com\/#website\"},\"datePublished\":\"2019-10-22T11:01:57+00:00\",\"dateModified\":\"2020-06-29T06:36:55+00:00\",\"description\":\"Contamos con cuatro generaciones familiares de experiencia y un trato personalizado hacia nuestros clientes, para que alcancen sus objetivos.\",\"breadcrumb\":{\"@id\":\"https:\/\/advocatspratsabat.com\/es\/home\/#breadcrumb\"},\"inLanguage\":\"es\",\"potentialAction\":[{\"@type\":\"ReadAction\",\"target\":[\"https:\/\/advocatspratsabat.com\/es\/home\/\"]}]},{\"@type\":\"BreadcrumbList\",\"@id\":\"https:\/\/advocatspratsabat.com\/es\/home\/#breadcrumb\",\"itemListElement\":[{\"@type\":\"ListItem\",\"position\":1,\"name\":\"Inici\",\"item\":\"https:\/\/advocatspratsabat.com\/es\/home\/\"},{\"@type\":\"ListItem\",\"position\":2,\"name\":\"Home\"}]},{\"@type\":\"WebSite\",\"@id\":\"https:\/\/advocatspratsabat.com\/#website\",\"url\":\"https:\/\/advocatspratsabat.com\/\",\"name\":\"Prat S\u00e0bat Advocats - Bufet d&#039;advocats a Girona\",\"description\":\"\",\"potentialAction\":[{\"@type\":\"SearchAction\",\"target\":{\"@type\":\"EntryPoint\",\"urlTemplate\":\"https:\/\/advocatspratsabat.com\/?s={search_term_string}\"},\"query-input\":\"required name=search_term_string\"}],\"inLanguage\":\"es\"}]}<\/script>\n<!-- \/ Yoast SEO plugin. -->","yoast_head_json":{"title":"Home - Prat S\u00e0bat Advocats - Bufet d&#039;advocats a Girona","description":"Contamos con cuatro generaciones familiares de experiencia y un trato personalizado hacia nuestros clientes, para que alcancen sus objetivos.","robots":{"index":"index","follow":"follow","max-snippet":"max-snippet:-1","max-image-preview":"max-image-preview:large","max-video-preview":"max-video-preview:-1"},"canonical":"https:\/\/advocatspratsabat.com\/es\/home\/","og_locale":"es_ES","og_type":"article","og_title":"Home - Prat S\u00e0bat Advocats - Bufet d&#039;advocats a Girona","og_description":"Contamos con cuatro generaciones familiares de experiencia y un trato personalizado hacia nuestros clientes, para que alcancen sus objetivos.","og_url":"https:\/\/advocatspratsabat.com\/es\/home\/","og_site_name":"Prat S\u00e0bat Advocats - Bufet d&#039;advocats a Girona","article_modified_time":"2020-06-29T06:36:55+00:00","twitter_card":"summary_large_image","twitter_misc":{"Tiempo de lectura":"5 minutos"},"schema":{"@context":"https:\/\/schema.org","@graph":[{"@type":"WebPage","@id":"https:\/\/advocatspratsabat.com\/es\/home\/","url":"https:\/\/advocatspratsabat.com\/es\/home\/","name":"Home - Prat S\u00e0bat Advocats - Bufet d&#039;advocats a Girona","isPartOf":{"@id":"https:\/\/advocatspratsabat.com\/#website"},"datePublished":"2019-10-22T11:01:57+00:00","dateModified":"2020-06-29T06:36:55+00:00","description":"Contamos con cuatro generaciones familiares de experiencia y un trato personalizado hacia nuestros clientes, para que alcancen sus objetivos.","breadcrumb":{"@id":"https:\/\/advocatspratsabat.com\/es\/home\/#breadcrumb"},"inLanguage":"es","potentialAction":[{"@type":"ReadAction","target":["https:\/\/advocatspratsabat.com\/es\/home\/"]}]},{"@type":"BreadcrumbList","@id":"https:\/\/advocatspratsabat.com\/es\/home\/#breadcrumb","itemListElement":[{"@type":"ListItem","position":1,"name":"Inici","item":"https:\/\/advocatspratsabat.com\/es\/home\/"},{"@type":"ListItem","position":2,"name":"Home"}]},{"@type":"WebSite","@id":"https:\/\/advocatspratsabat.com\/#website","url":"https:\/\/advocatspratsabat.com\/","name":"Prat S\u00e0bat Advocats - Bufet d&#039;advocats a Girona","description":"","potentialAction":[{"@type":"SearchAction","target":{"@type":"EntryPoint","urlTemplate":"https:\/\/advocatspratsabat.com\/?s={search_term_string}"},"query-input":"required name=search_term_string"}],"inLanguage":"es"}]}},"_links":{"self":[{"href":"https:\/\/advocatspratsabat.com\/es\/wp-json\/wp\/v2\/pages\/2469"}],"collection":[{"href":"https:\/\/advocatspratsabat.com\/es\/wp-json\/wp\/v2\/pages"}],"about":[{"href":"https:\/\/advocatspratsabat.com\/es\/wp-json\/wp\/v2\/types\/page"}],"author":[{"embeddable":true,"href":"https:\/\/advocatspratsabat.com\/es\/wp-json\/wp\/v2\/users\/1"}],"replies":[{"embeddable":true,"href":"https:\/\/advocatspratsabat.com\/es\/wp-json\/wp\/v2\/comments?post=2469"}],"version-history":[{"count":0,"href":"https:\/\/advocatspratsabat.com\/es\/wp-json\/wp\/v2\/pages\/2469\/revisions"}],"wp:attachment":[{"href":"https:\/\/advocatspratsabat.com\/es\/wp-json\/wp\/v2\/media?parent=2469"}],"curies":[{"name":"wp","href":"https:\/\/api.w.org\/{rel}","templated":true}]}}