{"id":2512,"date":"2019-10-22T15:02:52","date_gmt":"2019-10-22T15:02:52","guid":{"rendered":"http:\/\/advocatspratsabat.com\/?page_id=2512"},"modified":"2020-02-11T09:34:13","modified_gmt":"2020-02-11T09:34:13","slug":"equipo","status":"publish","type":"page","link":"https:\/\/advocatspratsabat.com\/es\/equipo\/","title":{"rendered":"Equipo"},"content":{"rendered":"<p>[vc_row][vc_column el_class=\u00bbequip\u00bb][vc_raw_html]JTVCYS10ZWFtLXNob3djYXNlJTIwaWQlM0QlMjIyNTAyJTIyJTVE[\/vc_raw_html][\/vc_column][\/vc_row][vc_row][vc_column][vc_raw_html]JTVCYS10ZWFtLXNob3djYXNlJTIwaWQlM0QlMjIyMTk3JTIyJTVE[\/vc_raw_html][\/vc_column][\/vc_row]<\/p>\n","protected":false},"excerpt":{"rendered":"<p>[vc_row][vc_column el_class=\u00bbequip\u00bb][vc_raw_html]JTVCYS10ZWFtLXNob3djYXNlJTIwaWQlM0QlMjIyNTAyJTIyJTVE[\/vc_raw_html][\/vc_column][\/vc_row][vc_row][vc_column][vc_raw_html]JTVCYS10ZWFtLXNob3djYXNlJTIwaWQlM0QlMjIyMTk3JTIyJTVE[\/vc_raw_html][\/vc_column][\/vc_row]<\/p>\n","protected":false},"author":1,"featured_media":0,"parent":0,"menu_order":3,"comment_status":"closed","ping_status":"closed","template":"","meta":{"footnotes":""},"yoast_head":"<!-- This site is optimized with the Yoast SEO plugin v21.4 - https:\/\/yoast.com\/wordpress\/plugins\/seo\/ -->\n<title>Equipo - Prat S\u00e0bat Advocats - Bufet d&#039;advocats a Girona<\/title>\n<meta name=\"description\" content=\"En Prat S\u00e0bat Abogados Girona contamos con un equipo pr\u00f3ximo y comprometido con sus tareas, siempre listo para ofrecerte el asesoramiento que necesitas.\" \/>\n<meta name=\"robots\" content=\"index, follow, max-snippet:-1, max-image-preview:large, max-video-preview:-1\" \/>\n<link rel=\"canonical\" href=\"https:\/\/advocatspratsabat.com\/es\/equipo\/\" \/>\n<meta property=\"og:locale\" content=\"es_ES\" \/>\n<meta property=\"og:type\" content=\"article\" \/>\n<meta property=\"og:title\" content=\"Equipo - Prat S\u00e0bat Advocats - Bufet d&#039;advocats a Girona\" \/>\n<meta property=\"og:description\" content=\"En Prat S\u00e0bat Abogados Girona contamos con un equipo pr\u00f3ximo y comprometido con sus tareas, siempre listo para ofrecerte el asesoramiento que necesitas.\" \/>\n<meta property=\"og:url\" content=\"https:\/\/advocatspratsabat.com\/es\/equipo\/\" \/>\n<meta property=\"og:site_name\" content=\"Prat S\u00e0bat Advocats - Bufet d&#039;advocats a Girona\" \/>\n<meta property=\"article:modified_time\" content=\"2020-02-11T09:34:13+00:00\" \/>\n<meta name=\"twitter:card\" content=\"summary_large_image\" \/>\n<script type=\"application\/ld+json\" class=\"yoast-schema-graph\">{\"@context\":\"https:\/\/schema.org\",\"@graph\":[{\"@type\":\"WebPage\",\"@id\":\"https:\/\/advocatspratsabat.com\/es\/equipo\/\",\"url\":\"https:\/\/advocatspratsabat.com\/es\/equipo\/\",\"name\":\"Equipo - Prat S\u00e0bat Advocats - Bufet d&#039;advocats a Girona\",\"isPartOf\":{\"@id\":\"https:\/\/advocatspratsabat.com\/#website\"},\"datePublished\":\"2019-10-22T15:02:52+00:00\",\"dateModified\":\"2020-02-11T09:34:13+00:00\",\"description\":\"En Prat S\u00e0bat Abogados Girona contamos con un equipo pr\u00f3ximo y comprometido con sus tareas, siempre listo para ofrecerte el asesoramiento que necesitas.\",\"breadcrumb\":{\"@id\":\"https:\/\/advocatspratsabat.com\/es\/equipo\/#breadcrumb\"},\"inLanguage\":\"es\",\"potentialAction\":[{\"@type\":\"ReadAction\",\"target\":[\"https:\/\/advocatspratsabat.com\/es\/equipo\/\"]}]},{\"@type\":\"BreadcrumbList\",\"@id\":\"https:\/\/advocatspratsabat.com\/es\/equipo\/#breadcrumb\",\"itemListElement\":[{\"@type\":\"ListItem\",\"position\":1,\"name\":\"Inici\",\"item\":\"https:\/\/advocatspratsabat.com\/es\/home\/\"},{\"@type\":\"ListItem\",\"position\":2,\"name\":\"Equipo\"}]},{\"@type\":\"WebSite\",\"@id\":\"https:\/\/advocatspratsabat.com\/#website\",\"url\":\"https:\/\/advocatspratsabat.com\/\",\"name\":\"Prat S\u00e0bat Advocats - Bufet d&#039;advocats a Girona\",\"description\":\"\",\"potentialAction\":[{\"@type\":\"SearchAction\",\"target\":{\"@type\":\"EntryPoint\",\"urlTemplate\":\"https:\/\/advocatspratsabat.com\/?s={search_term_string}\"},\"query-input\":\"required name=search_term_string\"}],\"inLanguage\":\"es\"}]}<\/script>\n<!-- \/ Yoast SEO plugin. -->","yoast_head_json":{"title":"Equipo - Prat S\u00e0bat Advocats - Bufet d&#039;advocats a Girona","description":"En Prat S\u00e0bat Abogados Girona contamos con un equipo pr\u00f3ximo y comprometido con sus tareas, siempre listo para ofrecerte el asesoramiento que necesitas.","robots":{"index":"index","follow":"follow","max-snippet":"max-snippet:-1","max-image-preview":"max-image-preview:large","max-video-preview":"max-video-preview:-1"},"canonical":"https:\/\/advocatspratsabat.com\/es\/equipo\/","og_locale":"es_ES","og_type":"article","og_title":"Equipo - Prat S\u00e0bat Advocats - Bufet d&#039;advocats a Girona","og_description":"En Prat S\u00e0bat Abogados Girona contamos con un equipo pr\u00f3ximo y comprometido con sus tareas, siempre listo para ofrecerte el asesoramiento que necesitas.","og_url":"https:\/\/advocatspratsabat.com\/es\/equipo\/","og_site_name":"Prat S\u00e0bat Advocats - Bufet d&#039;advocats a Girona","article_modified_time":"2020-02-11T09:34:13+00:00","twitter_card":"summary_large_image","schema":{"@context":"https:\/\/schema.org","@graph":[{"@type":"WebPage","@id":"https:\/\/advocatspratsabat.com\/es\/equipo\/","url":"https:\/\/advocatspratsabat.com\/es\/equipo\/","name":"Equipo - Prat S\u00e0bat Advocats - Bufet d&#039;advocats a Girona","isPartOf":{"@id":"https:\/\/advocatspratsabat.com\/#website"},"datePublished":"2019-10-22T15:02:52+00:00","dateModified":"2020-02-11T09:34:13+00:00","description":"En Prat S\u00e0bat Abogados Girona contamos con un equipo pr\u00f3ximo y comprometido con sus tareas, siempre listo para ofrecerte el asesoramiento que necesitas.","breadcrumb":{"@id":"https:\/\/advocatspratsabat.com\/es\/equipo\/#breadcrumb"},"inLanguage":"es","potentialAction":[{"@type":"ReadAction","target":["https:\/\/advocatspratsabat.com\/es\/equipo\/"]}]},{"@type":"BreadcrumbList","@id":"https:\/\/advocatspratsabat.com\/es\/equipo\/#breadcrumb","itemListElement":[{"@type":"ListItem","position":1,"name":"Inici","item":"https:\/\/advocatspratsabat.com\/es\/home\/"},{"@type":"ListItem","position":2,"name":"Equipo"}]},{"@type":"WebSite","@id":"https:\/\/advocatspratsabat.com\/#website","url":"https:\/\/advocatspratsabat.com\/","name":"Prat S\u00e0bat Advocats - Bufet d&#039;advocats a Girona","description":"","potentialAction":[{"@type":"SearchAction","target":{"@type":"EntryPoint","urlTemplate":"https:\/\/advocatspratsabat.com\/?s={search_term_string}"},"query-input":"required name=search_term_string"}],"inLanguage":"es"}]}},"_links":{"self":[{"href":"https:\/\/advocatspratsabat.com\/es\/wp-json\/wp\/v2\/pages\/2512"}],"collection":[{"href":"https:\/\/advocatspratsabat.com\/es\/wp-json\/wp\/v2\/pages"}],"about":[{"href":"https:\/\/advocatspratsabat.com\/es\/wp-json\/wp\/v2\/types\/page"}],"author":[{"embeddable":true,"href":"https:\/\/advocatspratsabat.com\/es\/wp-json\/wp\/v2\/users\/1"}],"replies":[{"embeddable":true,"href":"https:\/\/advocatspratsabat.com\/es\/wp-json\/wp\/v2\/comments?post=2512"}],"version-history":[{"count":0,"href":"https:\/\/advocatspratsabat.com\/es\/wp-json\/wp\/v2\/pages\/2512\/revisions"}],"wp:attachment":[{"href":"https:\/\/advocatspratsabat.com\/es\/wp-json\/wp\/v2\/media?parent=2512"}],"curies":[{"name":"wp","href":"https:\/\/api.w.org\/{rel}","templated":true}]}}