{"id":2549,"date":"2019-06-17T07:15:19","date_gmt":"2019-06-17T07:15:19","guid":{"rendered":"http:\/\/advocatspratsabat.com\/actualitat\/"},"modified":"2020-02-11T09:42:28","modified_gmt":"2020-02-11T09:42:28","slug":"actualitat","status":"publish","type":"page","link":"https:\/\/advocatspratsabat.com\/es\/actualitat\/","title":{"rendered":"Actualidad"},"content":{"rendered":"<p>[vc_row][vc_column css=\u00bb.vc_custom_1572970553535{padding-right: 4% !important;padding-left: 4% !important;}\u00bb offset=\u00bbvc_hidden-sm vc_hidden-xs\u00bb][vc_basic_grid post_type=\u00bbpost\u00bb max_items=\u00bb-1&#8243; gap=\u00bb15&#8243; grid_id=\u00bbvc_gid:1572969346505-043f7593-1825-6&#8243;][\/vc_column][\/vc_row][vc_row][vc_column css=\u00bb.vc_custom_1572970542843{padding-right: 2% !important;padding-left: 2% !important;}\u00bb offset=\u00bbvc_hidden-lg vc_hidden-md\u00bb][vc_basic_grid post_type=\u00bbpost\u00bb max_items=\u00bb-1&#8243; gap=\u00bb15&#8243; grid_id=\u00bbvc_gid:1572970507590-5ad09546-4fd9-8&#8243;][\/vc_column][\/vc_row]<\/p>\n","protected":false},"excerpt":{"rendered":"<p>[vc_row][vc_column css=\u00bb.vc_custom_1572970553535{padding-right: 4% !important;padding-left: 4% !important;}\u00bb offset=\u00bbvc_hidden-sm vc_hidden-xs\u00bb][vc_basic_grid post_type=\u00bbpost\u00bb max_items=\u00bb-1&#8243; gap=\u00bb15&#8243; grid_id=\u00bbvc_gid:1572969346505-043f7593-1825-6&#8243;][\/vc_column][\/vc_row][vc_row][vc_column css=\u00bb.vc_custom_1572970542843{padding-right: 2% !important;padding-left: 2% !important;}\u00bb offset=\u00bbvc_hidden-lg vc_hidden-md\u00bb][vc_basic_grid post_type=\u00bbpost\u00bb max_items=\u00bb-1&#8243; gap=\u00bb15&#8243; grid_id=\u00bbvc_gid:1572970507590-5ad09546-4fd9-8&#8243;][\/vc_column][\/vc_row]<\/p>\n","protected":false},"author":1,"featured_media":2576,"parent":0,"menu_order":0,"comment_status":"closed","ping_status":"closed","template":"","meta":{"footnotes":""},"yoast_head":"<!-- This site is optimized with the Yoast SEO plugin v21.4 - https:\/\/yoast.com\/wordpress\/plugins\/seo\/ -->\n<title>Actualidad - Prat S\u00e0bat Advocats - Bufet d&#039;advocats a Girona<\/title>\n<meta name=\"description\" content=\"Blog de actualidad jur\u00eddica del despacho de abogados de Girona Prat S\u00e0bat. Derecho civil catal\u00e1n, derecho administrativo, derecho penal.\" \/>\n<meta name=\"robots\" content=\"index, follow, max-snippet:-1, max-image-preview:large, max-video-preview:-1\" \/>\n<link rel=\"canonical\" href=\"https:\/\/advocatspratsabat.com\/es\/actualitat\/\" \/>\n<meta property=\"og:locale\" content=\"es_ES\" \/>\n<meta property=\"og:type\" content=\"article\" \/>\n<meta property=\"og:title\" content=\"Actualidad - Prat S\u00e0bat Advocats - Bufet d&#039;advocats a Girona\" \/>\n<meta property=\"og:description\" content=\"Blog de actualidad jur\u00eddica del despacho de abogados de Girona Prat S\u00e0bat. Derecho civil catal\u00e1n, derecho administrativo, derecho penal.\" \/>\n<meta property=\"og:url\" content=\"https:\/\/advocatspratsabat.com\/es\/actualitat\/\" \/>\n<meta property=\"og:site_name\" content=\"Prat S\u00e0bat Advocats - Bufet d&#039;advocats a Girona\" \/>\n<meta property=\"article:modified_time\" content=\"2020-02-11T09:42:28+00:00\" \/>\n<meta property=\"og:image\" content=\"https:\/\/advocatspratsabat.com\/wp-content\/uploads\/2019\/02\/autonoms-novetats2019-girona-1024x683.jpg\" \/>\n\t<meta property=\"og:image:width\" content=\"1024\" \/>\n\t<meta property=\"og:image:height\" content=\"683\" \/>\n\t<meta property=\"og:image:type\" content=\"image\/jpeg\" \/>\n<meta name=\"twitter:card\" content=\"summary_large_image\" \/>\n<script type=\"application\/ld+json\" class=\"yoast-schema-graph\">{\"@context\":\"https:\/\/schema.org\",\"@graph\":[{\"@type\":\"WebPage\",\"@id\":\"https:\/\/advocatspratsabat.com\/es\/actualitat\/\",\"url\":\"https:\/\/advocatspratsabat.com\/es\/actualitat\/\",\"name\":\"Actualidad - Prat S\u00e0bat Advocats - Bufet d&#039;advocats a Girona\",\"isPartOf\":{\"@id\":\"https:\/\/advocatspratsabat.com\/#website\"},\"datePublished\":\"2019-06-17T07:15:19+00:00\",\"dateModified\":\"2020-02-11T09:42:28+00:00\",\"description\":\"Blog de actualidad jur\u00eddica del despacho de abogados de Girona Prat S\u00e0bat. Derecho civil catal\u00e1n, derecho administrativo, derecho penal.\",\"breadcrumb\":{\"@id\":\"https:\/\/advocatspratsabat.com\/es\/actualitat\/#breadcrumb\"},\"inLanguage\":\"es\",\"potentialAction\":[{\"@type\":\"ReadAction\",\"target\":[\"https:\/\/advocatspratsabat.com\/es\/actualitat\/\"]}]},{\"@type\":\"BreadcrumbList\",\"@id\":\"https:\/\/advocatspratsabat.com\/es\/actualitat\/#breadcrumb\",\"itemListElement\":[{\"@type\":\"ListItem\",\"position\":1,\"name\":\"Inici\",\"item\":\"https:\/\/advocatspratsabat.com\/es\/home\/\"},{\"@type\":\"ListItem\",\"position\":2,\"name\":\"Actualidad\"}]},{\"@type\":\"WebSite\",\"@id\":\"https:\/\/advocatspratsabat.com\/#website\",\"url\":\"https:\/\/advocatspratsabat.com\/\",\"name\":\"Prat S\u00e0bat Advocats - Bufet d&#039;advocats a Girona\",\"description\":\"\",\"potentialAction\":[{\"@type\":\"SearchAction\",\"target\":{\"@type\":\"EntryPoint\",\"urlTemplate\":\"https:\/\/advocatspratsabat.com\/?s={search_term_string}\"},\"query-input\":\"required name=search_term_string\"}],\"inLanguage\":\"es\"}]}<\/script>\n<!-- \/ Yoast SEO plugin. -->","yoast_head_json":{"title":"Actualidad - Prat S\u00e0bat Advocats - Bufet d&#039;advocats a Girona","description":"Blog de actualidad jur\u00eddica del despacho de abogados de Girona Prat S\u00e0bat. Derecho civil catal\u00e1n, derecho administrativo, derecho penal.","robots":{"index":"index","follow":"follow","max-snippet":"max-snippet:-1","max-image-preview":"max-image-preview:large","max-video-preview":"max-video-preview:-1"},"canonical":"https:\/\/advocatspratsabat.com\/es\/actualitat\/","og_locale":"es_ES","og_type":"article","og_title":"Actualidad - Prat S\u00e0bat Advocats - Bufet d&#039;advocats a Girona","og_description":"Blog de actualidad jur\u00eddica del despacho de abogados de Girona Prat S\u00e0bat. Derecho civil catal\u00e1n, derecho administrativo, derecho penal.","og_url":"https:\/\/advocatspratsabat.com\/es\/actualitat\/","og_site_name":"Prat S\u00e0bat Advocats - Bufet d&#039;advocats a Girona","article_modified_time":"2020-02-11T09:42:28+00:00","og_image":[{"width":1024,"height":683,"url":"https:\/\/advocatspratsabat.com\/wp-content\/uploads\/2019\/02\/autonoms-novetats2019-girona-1024x683.jpg","type":"image\/jpeg"}],"twitter_card":"summary_large_image","schema":{"@context":"https:\/\/schema.org","@graph":[{"@type":"WebPage","@id":"https:\/\/advocatspratsabat.com\/es\/actualitat\/","url":"https:\/\/advocatspratsabat.com\/es\/actualitat\/","name":"Actualidad - Prat S\u00e0bat Advocats - Bufet d&#039;advocats a Girona","isPartOf":{"@id":"https:\/\/advocatspratsabat.com\/#website"},"datePublished":"2019-06-17T07:15:19+00:00","dateModified":"2020-02-11T09:42:28+00:00","description":"Blog de actualidad jur\u00eddica del despacho de abogados de Girona Prat S\u00e0bat. Derecho civil catal\u00e1n, derecho administrativo, derecho penal.","breadcrumb":{"@id":"https:\/\/advocatspratsabat.com\/es\/actualitat\/#breadcrumb"},"inLanguage":"es","potentialAction":[{"@type":"ReadAction","target":["https:\/\/advocatspratsabat.com\/es\/actualitat\/"]}]},{"@type":"BreadcrumbList","@id":"https:\/\/advocatspratsabat.com\/es\/actualitat\/#breadcrumb","itemListElement":[{"@type":"ListItem","position":1,"name":"Inici","item":"https:\/\/advocatspratsabat.com\/es\/home\/"},{"@type":"ListItem","position":2,"name":"Actualidad"}]},{"@type":"WebSite","@id":"https:\/\/advocatspratsabat.com\/#website","url":"https:\/\/advocatspratsabat.com\/","name":"Prat S\u00e0bat Advocats - Bufet d&#039;advocats a Girona","description":"","potentialAction":[{"@type":"SearchAction","target":{"@type":"EntryPoint","urlTemplate":"https:\/\/advocatspratsabat.com\/?s={search_term_string}"},"query-input":"required name=search_term_string"}],"inLanguage":"es"}]}},"_links":{"self":[{"href":"https:\/\/advocatspratsabat.com\/es\/wp-json\/wp\/v2\/pages\/2549"}],"collection":[{"href":"https:\/\/advocatspratsabat.com\/es\/wp-json\/wp\/v2\/pages"}],"about":[{"href":"https:\/\/advocatspratsabat.com\/es\/wp-json\/wp\/v2\/types\/page"}],"author":[{"embeddable":true,"href":"https:\/\/advocatspratsabat.com\/es\/wp-json\/wp\/v2\/users\/1"}],"replies":[{"embeddable":true,"href":"https:\/\/advocatspratsabat.com\/es\/wp-json\/wp\/v2\/comments?post=2549"}],"version-history":[{"count":0,"href":"https:\/\/advocatspratsabat.com\/es\/wp-json\/wp\/v2\/pages\/2549\/revisions"}],"wp:featuredmedia":[{"embeddable":true,"href":"https:\/\/advocatspratsabat.com\/es\/wp-json\/wp\/v2\/media\/2576"}],"wp:attachment":[{"href":"https:\/\/advocatspratsabat.com\/es\/wp-json\/wp\/v2\/media?parent=2549"}],"curies":[{"name":"wp","href":"https:\/\/api.w.org\/{rel}","templated":true}]}}